{"id":13,"date":"2022-01-22T12:28:20","date_gmt":"2022-01-22T12:28:20","guid":{"rendered":"https:\/\/gaspardatable.com\/?page_id=13"},"modified":"2022-01-22T12:28:20","modified_gmt":"2022-01-22T12:28:20","slug":"gift-card-accessories","status":"publish","type":"page","link":"https:\/\/gaspardatable.com\/en\/accessoires-cartes-cadeaux\/","title":{"rendered":"Accessories &amp; gift cards"},"content":{"rendered":"","protected":false},"excerpt":{"rendered":"","protected":false},"author":1,"featured_media":0,"parent":0,"menu_order":0,"comment_status":"closed","ping_status":"closed","template":"","meta":{"_acf_changed":false,"footnotes":""},"class_list":["post-13","page","type-page","status-publish","hentry"],"acf":[],"yoast_head":"<!-- This site is optimized with the Yoast SEO plugin v26.8 - https:\/\/yoast.com\/product\/yoast-seo-wordpress\/ -->\n<title>Accessoires &amp; cartes cadeaux - Gaspardatable<\/title>\n<meta name=\"description\" content=\"Gaspardatable vous propose une s\u00e9lection de bulbe de dahlia, narcisses, pivoines et tulipes unique en France - Contr\u00f4le qualit\u00e9 - Livraison 48h - D\u00e9marche eco-responsable\" \/>\n<meta name=\"robots\" content=\"index, follow, max-snippet:-1, max-image-preview:large, max-video-preview:-1\" \/>\n<link rel=\"canonical\" href=\"https:\/\/gaspardatable.com\/en\/gift-card-accessories\/\" \/>\n<meta property=\"og:locale\" content=\"en_US\" \/>\n<meta property=\"og:type\" content=\"article\" \/>\n<meta property=\"og:title\" content=\"Accessoires &amp; cartes cadeaux - Gaspardatable\" \/>\n<meta property=\"og:description\" content=\"Gaspardatable vous propose une s\u00e9lection de bulbe de dahlia, narcisses, pivoines et tulipes unique en France - Contr\u00f4le qualit\u00e9 - Livraison 48h - D\u00e9marche eco-responsable\" \/>\n<meta property=\"og:url\" content=\"https:\/\/gaspardatable.com\/en\/gift-card-accessories\/\" \/>\n<meta property=\"og:site_name\" content=\"Gaspardatable\" \/>\n<meta name=\"twitter:card\" content=\"summary_large_image\" \/>\n<script type=\"application\/ld+json\" class=\"yoast-schema-graph\">{\"@context\":\"https:\/\/schema.org\",\"@graph\":[{\"@type\":\"WebPage\",\"@id\":\"https:\/\/gaspardatable.com\/accessoires-cartes-cadeaux\/\",\"url\":\"https:\/\/gaspardatable.com\/accessoires-cartes-cadeaux\/\",\"name\":\"Accessoires & cartes cadeaux - Gaspardatable\",\"isPartOf\":{\"@id\":\"https:\/\/gaspardatable.com\/#website\"},\"datePublished\":\"2022-01-22T12:28:20+00:00\",\"description\":\"Gaspardatable vous propose une s\u00e9lection de bulbe de dahlia, narcisses, pivoines et tulipes unique en France - Contr\u00f4le qualit\u00e9 - Livraison 48h - D\u00e9marche eco-responsable\",\"breadcrumb\":{\"@id\":\"https:\/\/gaspardatable.com\/accessoires-cartes-cadeaux\/#breadcrumb\"},\"inLanguage\":\"en-US\",\"potentialAction\":[{\"@type\":\"ReadAction\",\"target\":[\"https:\/\/gaspardatable.com\/accessoires-cartes-cadeaux\/\"]}]},{\"@type\":\"BreadcrumbList\",\"@id\":\"https:\/\/gaspardatable.com\/accessoires-cartes-cadeaux\/#breadcrumb\",\"itemListElement\":[{\"@type\":\"ListItem\",\"position\":1,\"name\":\"Accueil\",\"item\":\"https:\/\/gaspardatable.com\/\"},{\"@type\":\"ListItem\",\"position\":2,\"name\":\"Accessoires &#038; cartes cadeaux\"}]},{\"@type\":\"WebSite\",\"@id\":\"https:\/\/gaspardatable.com\/#website\",\"url\":\"https:\/\/gaspardatable.com\/\",\"name\":\"Gaspardatable\",\"description\":\"\",\"publisher\":{\"@id\":\"https:\/\/gaspardatable.com\/#organization\"},\"potentialAction\":[{\"@type\":\"SearchAction\",\"target\":{\"@type\":\"EntryPoint\",\"urlTemplate\":\"https:\/\/gaspardatable.com\/?s={search_term_string}\"},\"query-input\":{\"@type\":\"PropertyValueSpecification\",\"valueRequired\":true,\"valueName\":\"search_term_string\"}}],\"inLanguage\":\"en-US\"},{\"@type\":\"Organization\",\"@id\":\"https:\/\/gaspardatable.com\/#organization\",\"name\":\"Gaspardatable\",\"url\":\"https:\/\/gaspardatable.com\/\",\"logo\":{\"@type\":\"ImageObject\",\"inLanguage\":\"en-US\",\"@id\":\"https:\/\/gaspardatable.com\/#\/schema\/logo\/image\/\",\"url\":\"https:\/\/gaspardatable.com\/wp-content\/uploads\/2022\/01\/logo-gris.svg\",\"contentUrl\":\"https:\/\/gaspardatable.com\/wp-content\/uploads\/2022\/01\/logo-gris.svg\",\"width\":79,\"height\":56,\"caption\":\"Gaspardatable\"},\"image\":{\"@id\":\"https:\/\/gaspardatable.com\/#\/schema\/logo\/image\/\"}}]}<\/script>\n<!-- \/ Yoast SEO plugin. -->","yoast_head_json":{"title":"Accessories &amp; gift cards - Gaspardatable","description":"Gaspardatable offers you a unique selection of dahlia, narcissus, peony and tulip bulbs in France - Quality control - 48-hour delivery - Eco-responsible approach","robots":{"index":"index","follow":"follow","max-snippet":"max-snippet:-1","max-image-preview":"max-image-preview:large","max-video-preview":"max-video-preview:-1"},"canonical":"https:\/\/gaspardatable.com\/en\/gift-card-accessories\/","og_locale":"en_US","og_type":"article","og_title":"Accessoires & cartes cadeaux - Gaspardatable","og_description":"Gaspardatable vous propose une s\u00e9lection de bulbe de dahlia, narcisses, pivoines et tulipes unique en France - Contr\u00f4le qualit\u00e9 - Livraison 48h - D\u00e9marche eco-responsable","og_url":"https:\/\/gaspardatable.com\/en\/gift-card-accessories\/","og_site_name":"Gaspardatable","twitter_card":"summary_large_image","schema":{"@context":"https:\/\/schema.org","@graph":[{"@type":"WebPage","@id":"https:\/\/gaspardatable.com\/accessoires-cartes-cadeaux\/","url":"https:\/\/gaspardatable.com\/accessoires-cartes-cadeaux\/","name":"Accessories &amp; gift cards - Gaspardatable","isPartOf":{"@id":"https:\/\/gaspardatable.com\/#website"},"datePublished":"2022-01-22T12:28:20+00:00","description":"Gaspardatable offers you a unique selection of dahlia, narcissus, peony and tulip bulbs in France - Quality control - 48-hour delivery - Eco-responsible approach","breadcrumb":{"@id":"https:\/\/gaspardatable.com\/accessoires-cartes-cadeaux\/#breadcrumb"},"inLanguage":"en-US","potentialAction":[{"@type":"ReadAction","target":["https:\/\/gaspardatable.com\/accessoires-cartes-cadeaux\/"]}]},{"@type":"BreadcrumbList","@id":"https:\/\/gaspardatable.com\/accessoires-cartes-cadeaux\/#breadcrumb","itemListElement":[{"@type":"ListItem","position":1,"name":"Accueil","item":"https:\/\/gaspardatable.com\/"},{"@type":"ListItem","position":2,"name":"Accessoires &#038; cartes cadeaux"}]},{"@type":"WebSite","@id":"https:\/\/gaspardatable.com\/#website","url":"https:\/\/gaspardatable.com\/","name":"Gaspardatable","description":"","publisher":{"@id":"https:\/\/gaspardatable.com\/#organization"},"potentialAction":[{"@type":"SearchAction","target":{"@type":"EntryPoint","urlTemplate":"https:\/\/gaspardatable.com\/?s={search_term_string}"},"query-input":{"@type":"PropertyValueSpecification","valueRequired":true,"valueName":"search_term_string"}}],"inLanguage":"en-US"},{"@type":"Organization","@id":"https:\/\/gaspardatable.com\/#organization","name":"Gaspardatable","url":"https:\/\/gaspardatable.com\/","logo":{"@type":"ImageObject","inLanguage":"en-US","@id":"https:\/\/gaspardatable.com\/#\/schema\/logo\/image\/","url":"https:\/\/gaspardatable.com\/wp-content\/uploads\/2022\/01\/logo-gris.svg","contentUrl":"https:\/\/gaspardatable.com\/wp-content\/uploads\/2022\/01\/logo-gris.svg","width":79,"height":56,"caption":"Gaspardatable"},"image":{"@id":"https:\/\/gaspardatable.com\/#\/schema\/logo\/image\/"}}]}},"_links":{"self":[{"href":"https:\/\/gaspardatable.com\/en\/wp-json\/wp\/v2\/pages\/13","targetHints":{"allow":["GET"]}}],"collection":[{"href":"https:\/\/gaspardatable.com\/en\/wp-json\/wp\/v2\/pages"}],"about":[{"href":"https:\/\/gaspardatable.com\/en\/wp-json\/wp\/v2\/types\/page"}],"author":[{"embeddable":true,"href":"https:\/\/gaspardatable.com\/en\/wp-json\/wp\/v2\/users\/1"}],"replies":[{"embeddable":true,"href":"https:\/\/gaspardatable.com\/en\/wp-json\/wp\/v2\/comments?post=13"}],"version-history":[{"count":0,"href":"https:\/\/gaspardatable.com\/en\/wp-json\/wp\/v2\/pages\/13\/revisions"}],"wp:attachment":[{"href":"https:\/\/gaspardatable.com\/en\/wp-json\/wp\/v2\/media?parent=13"}],"curies":[{"name":"wp","href":"https:\/\/api.w.org\/{rel}","templated":true}]}}