{"id":15,"date":"2022-01-22T12:28:34","date_gmt":"2022-01-22T12:28:34","guid":{"rendered":"https:\/\/gaspardatable.com\/?page_id=15"},"modified":"2023-01-24T08:49:09","modified_gmt":"2023-01-24T07:49:09","slug":"planting-guide","status":"publish","type":"page","link":"https:\/\/gaspardatable.com\/en\/guide-de-plantation\/","title":{"rendered":"Planting guide"},"content":{"rendered":"<div data-elementor-type=\"wp-page\" data-elementor-id=\"15\" class=\"elementor elementor-15\" data-elementor-settings=\"{&quot;element_pack_global_tooltip_width&quot;:{&quot;unit&quot;:&quot;px&quot;,&quot;size&quot;:&quot;&quot;,&quot;sizes&quot;:[]},&quot;element_pack_global_tooltip_width_tablet&quot;:{&quot;unit&quot;:&quot;px&quot;,&quot;size&quot;:&quot;&quot;,&quot;sizes&quot;:[]},&quot;element_pack_global_tooltip_width_mobile&quot;:{&quot;unit&quot;:&quot;px&quot;,&quot;size&quot;:&quot;&quot;,&quot;sizes&quot;:[]},&quot;element_pack_global_tooltip_padding&quot;:{&quot;unit&quot;:&quot;px&quot;,&quot;top&quot;:&quot;&quot;,&quot;right&quot;:&quot;&quot;,&quot;bottom&quot;:&quot;&quot;,&quot;left&quot;:&quot;&quot;,&quot;isLinked&quot;:true},&quot;element_pack_global_tooltip_padding_tablet&quot;:{&quot;unit&quot;:&quot;px&quot;,&quot;top&quot;:&quot;&quot;,&quot;right&quot;:&quot;&quot;,&quot;bottom&quot;:&quot;&quot;,&quot;left&quot;:&quot;&quot;,&quot;isLinked&quot;:true},&quot;element_pack_global_tooltip_padding_mobile&quot;:{&quot;unit&quot;:&quot;px&quot;,&quot;top&quot;:&quot;&quot;,&quot;right&quot;:&quot;&quot;,&quot;bottom&quot;:&quot;&quot;,&quot;left&quot;:&quot;&quot;,&quot;isLinked&quot;:true},&quot;element_pack_global_tooltip_border_radius&quot;:{&quot;unit&quot;:&quot;px&quot;,&quot;top&quot;:&quot;&quot;,&quot;right&quot;:&quot;&quot;,&quot;bottom&quot;:&quot;&quot;,&quot;left&quot;:&quot;&quot;,&quot;isLinked&quot;:true},&quot;element_pack_global_tooltip_border_radius_tablet&quot;:{&quot;unit&quot;:&quot;px&quot;,&quot;top&quot;:&quot;&quot;,&quot;right&quot;:&quot;&quot;,&quot;bottom&quot;:&quot;&quot;,&quot;left&quot;:&quot;&quot;,&quot;isLinked&quot;:true},&quot;element_pack_global_tooltip_border_radius_mobile&quot;:{&quot;unit&quot;:&quot;px&quot;,&quot;top&quot;:&quot;&quot;,&quot;right&quot;:&quot;&quot;,&quot;bottom&quot;:&quot;&quot;,&quot;left&quot;:&quot;&quot;,&quot;isLinked&quot;:true}}\" data-elementor-post-type=\"page\">\n\t\t\t\t\t\t<section class=\"elementor-section elementor-top-section elementor-element elementor-element-8e4e7b8 elementor-section-boxed elementor-section-height-default elementor-section-height-default\" data-id=\"8e4e7b8\" data-element_type=\"section\" data-settings=\"{&quot;background_background&quot;:&quot;classic&quot;}\">\n\t\t\t\t\t\t\t<div class=\"elementor-background-overlay\"><\/div>\n\t\t\t\t\t\t\t<div class=\"elementor-container elementor-column-gap-default\">\n\t\t\t\t\t<div class=\"elementor-column elementor-col-50 elementor-top-column elementor-element elementor-element-adcbb54\" data-id=\"adcbb54\" data-element_type=\"column\">\n\t\t\t<div class=\"elementor-widget-wrap elementor-element-populated\">\n\t\t\t\t\t\t<div class=\"elementor-element elementor-element-6650933 elementor-widget__width-auto elementor-widget elementor-widget-heading\" data-id=\"6650933\" data-element_type=\"widget\" data-widget_type=\"heading.default\">\n\t\t\t\t<div class=\"elementor-widget-container\">\n\t\t\t\t\t<h1 class=\"elementor-heading-title elementor-size-default\">Planting guides<\/h1>\t\t\t\t<\/div>\n\t\t\t\t<\/div>\n\t\t\t\t\t<\/div>\n\t\t<\/div>\n\t\t\t\t<div class=\"elementor-column elementor-col-50 elementor-top-column elementor-element elementor-element-a544b06\" data-id=\"a544b06\" data-element_type=\"column\">\n\t\t\t<div class=\"elementor-widget-wrap elementor-element-populated\">\n\t\t\t\t\t\t<section class=\"elementor-section elementor-inner-section elementor-element elementor-element-365e5f5 elementor-section-height-min-height elementor-section-boxed elementor-section-height-default\" data-id=\"365e5f5\" data-element_type=\"section\" data-settings=\"{&quot;background_background&quot;:&quot;classic&quot;}\">\n\t\t\t\t\t\t<div class=\"elementor-container elementor-column-gap-default\">\n\t\t\t\t\t<div class=\"elementor-column elementor-col-100 elementor-inner-column elementor-element elementor-element-fcfcaed\" data-id=\"fcfcaed\" data-element_type=\"column\">\n\t\t\t<div class=\"elementor-widget-wrap elementor-element-populated\">\n\t\t\t\t\t\t<div class=\"elementor-element elementor-element-548f7d3 elementor-widget elementor-widget-text-editor\" data-id=\"548f7d3\" data-element_type=\"widget\" data-widget_type=\"text-editor.default\">\n\t\t\t\t<div class=\"elementor-widget-container\">\n\t\t\t\t\t\t\t\t\t<p>After years of experience in my garden, I've decided to share some planting tips to decorate your beds and terraces. Follow these guides for flawless results!<\/p>\t\t\t\t\t\t\t\t<\/div>\n\t\t\t\t<\/div>\n\t\t\t\t\t<\/div>\n\t\t<\/div>\n\t\t\t\t\t<\/div>\n\t\t<\/section>\n\t\t\t\t\t<\/div>\n\t\t<\/div>\n\t\t\t\t\t<\/div>\n\t\t<\/section>\n\t\t\t\t<section class=\"elementor-section elementor-top-section elementor-element elementor-element-7739c5a elementor-section-boxed elementor-section-height-default elementor-section-height-default\" data-id=\"7739c5a\" data-element_type=\"section\">\n\t\t\t\t\t\t<div class=\"elementor-container elementor-column-gap-default\">\n\t\t\t\t\t<div class=\"elementor-column elementor-col-100 elementor-top-column elementor-element elementor-element-4841739\" data-id=\"4841739\" data-element_type=\"column\">\n\t\t\t<div class=\"elementor-widget-wrap elementor-element-populated\">\n\t\t\t\t\t\t<div class=\"elementor-element elementor-element-0e5624d elementor-widget elementor-widget-bdt-post-grid\" data-id=\"0e5624d\" data-element_type=\"widget\" data-widget_type=\"bdt-post-grid.bdt-alter\">\n\t\t\t\t<div class=\"elementor-widget-container\">\n\t\t\t\t\t \n\t\t<div id=\"bdt-post-grid-0e5624d\" class=\"bdt-post-grid bdt-post-grid-skin-alter\">\n\n\t\t\t\t\t\t<div class=\"bdt-post-grid-item bdt-transition-toggle bdt-position-relative bdt-grid bdt-grid-collapse\" data-bdt-grid=\"\">\n\n\t\t\t\t<div class=\"bdt-position-relative bdt-width-auto@s bdt-pg-alter-image\">\n\t\t\t\t\t<div class=\"bdt-post-grid-img-wrap bdt-overflow-hidden\">\n\t\t\t\t<a href=\"https:\/\/gaspardatable.com\/en\/guides-plantations\/reussir-la-plantation-des-pivoines\/\" class=\"bdt-transition-scale-up bdt-background-cover bdt-transition-opaque bdt-flex\" title=\"Successfully planting peonies\" style=\"background-image: url(https:\/\/gaspardatable.com\/wp-content\/uploads\/2022\/09\/Screenshot-2022-09-13-at-13.45.57-scaled.jpg)\">\n  \t\t\t\t<\/a>\n\t\t\t<\/div>\t\t\t\t\t\t\t\t\t<\/div>\n\n\t\t  \t\t<div class=\"bdt-post-grid-desc bdt-width-expand@s bdt-padding bdt-plane\">\n\t\t\t\t\t<h3 class=\"bdt-post-grid-title\">\n\t\t\t\t<a href=\"https:\/\/gaspardatable.com\/en\/guides-plantations\/reussir-la-plantation-des-pivoines\/\" class=\"bdt-post-grid-link\" title=\"Successfully planting peonies\">\n\t\t\t\t\tSuccessfully planting peonies\n\t\t\t\t<\/a>\n\t\t\t<\/h3>\n\t\t\t\t\t\t\t<div class=\"bdt-post-grid-excerpt\">\n\t\t\t<p>I've been growing dahlias in my garden for several summers now, and if you've never grown them before, I guarantee you'll quickly become passionate about ...<\/p>\n\t\t<\/div>\n\n\t\t\t\t\t\t\t\t\t<div>\n\t\t\t<a href=\"https:\/\/gaspardatable.com\/en\/guides-plantations\/reussir-la-plantation-des-pivoines\/\"\n\t\t\t\tclass=\"bdt-post-grid-readmore bdt-display-inline-block\">\n\t\t\t\tRead more\t\n\t\t\t\t\t\t\t<\/a>\n\t\t<\/div>\n\t\t\t\t\t\t\t\n\t\t\t\t\t\t\t\t\t<\/div>\n\n\t\t\t<\/div>\n\t\t\t  \t\t\t\n\t  \t\t\t\n\t\t\t\t\t\t<div class=\"bdt-post-grid-item bdt-transition-toggle bdt-position-relative bdt-grid bdt-grid-collapse\" data-bdt-grid=\"\">\n\n\t\t\t\t<div class=\"bdt-position-relative bdt-width-auto@s bdt-pg-alter-image\">\n\t\t\t\t\t<div class=\"bdt-post-grid-img-wrap bdt-overflow-hidden\">\n\t\t\t\t<a href=\"https:\/\/gaspardatable.com\/en\/guides-plantations\/comment-planter-des-tulipes\/\" class=\"bdt-transition-scale-up bdt-background-cover bdt-transition-opaque bdt-flex\" title=\"Planting tulips\" style=\"background-image: url(https:\/\/gaspardatable.com\/wp-content\/uploads\/2022\/09\/Potees-tulipes-scaled.jpg)\">\n  \t\t\t\t<\/a>\n\t\t\t<\/div>\t\t\t\t\t\t\t\t\t<\/div>\n\n\t\t  \t\t<div class=\"bdt-post-grid-desc bdt-width-expand@s bdt-padding bdt-flex-first@s bdt-alter\">\n\t\t\t\t\t<h3 class=\"bdt-post-grid-title\">\n\t\t\t\t<a href=\"https:\/\/gaspardatable.com\/en\/guides-plantations\/comment-planter-des-tulipes\/\" class=\"bdt-post-grid-link\" title=\"Planting tulips\">\n\t\t\t\t\tPlanting tulips\n\t\t\t\t<\/a>\n\t\t\t<\/h3>\n\t\t\t\t\t\t\t<div class=\"bdt-post-grid-excerpt\">\n\t\t\t<p>I've been growing dahlias in my garden for several summers now, and if you've never grown them before, I guarantee you'll quickly become passionate about ...<\/p>\n\t\t<\/div>\n\n\t\t\t\t\t\t\t\t\t<div>\n\t\t\t<a href=\"https:\/\/gaspardatable.com\/en\/guides-plantations\/comment-planter-des-tulipes\/\"\n\t\t\t\tclass=\"bdt-post-grid-readmore bdt-display-inline-block\">\n\t\t\t\tRead more\t\n\t\t\t\t\t\t\t<\/a>\n\t\t<\/div>\n\t\t\t\t\t\t\t\n\t\t\t\t\t\t\t\t\t<\/div>\n\n\t\t\t<\/div>\n\t\t\t  \t\t\t\n\t  \t\t\t\n\t\t\t\t\t\t<div class=\"bdt-post-grid-item bdt-transition-toggle bdt-position-relative bdt-grid bdt-grid-collapse\" data-bdt-grid=\"\">\n\n\t\t\t\t<div class=\"bdt-position-relative bdt-width-auto@s bdt-pg-alter-image\">\n\t\t\t\t\t<div class=\"bdt-post-grid-img-wrap bdt-overflow-hidden\">\n\t\t\t\t<a href=\"https:\/\/gaspardatable.com\/en\/guides-plantations\/plantation-des-narcissis\/\" class=\"bdt-transition-scale-up bdt-background-cover bdt-transition-opaque bdt-flex\" title=\"Become a daffodil pro\" style=\"background-image: url(https:\/\/gaspardatable.com\/wp-content\/uploads\/2022\/02\/Je-teste-dans-mon-jardin.jpg)\">\n  \t\t\t\t<\/a>\n\t\t\t<\/div>\t\t\t\t\t\t\t\t\t<\/div>\n\n\t\t  \t\t<div class=\"bdt-post-grid-desc bdt-width-expand@s bdt-padding bdt-plane\">\n\t\t\t\t\t<h3 class=\"bdt-post-grid-title\">\n\t\t\t\t<a href=\"https:\/\/gaspardatable.com\/en\/guides-plantations\/plantation-des-narcissis\/\" class=\"bdt-post-grid-link\" title=\"Become a daffodil pro\">\n\t\t\t\t\tBecome a daffodil pro\n\t\t\t\t<\/a>\n\t\t\t<\/h3>\n\t\t\t\t\t\t\t<div class=\"bdt-post-grid-excerpt\">\n\t\t\t<p>I've been growing dahlias in my garden for several summers now, and if you've never grown them before, I guarantee you'll quickly become passionate about ...<\/p>\n\t\t<\/div>\n\n\t\t\t\t\t\t\t\t\t<div>\n\t\t\t<a href=\"https:\/\/gaspardatable.com\/en\/guides-plantations\/plantation-des-narcissis\/\"\n\t\t\t\tclass=\"bdt-post-grid-readmore bdt-display-inline-block\">\n\t\t\t\tRead more\t\n\t\t\t\t\t\t\t<\/a>\n\t\t<\/div>\n\t\t\t\t\t\t\t\n\t\t\t\t\t\t\t\t\t<\/div>\n\n\t\t\t<\/div>\n\t\t\t  \t\t\t\n\t  \t\t\t\n\t\t\t\t\t\t<div class=\"bdt-post-grid-item bdt-transition-toggle bdt-position-relative bdt-grid bdt-grid-collapse\" data-bdt-grid=\"\">\n\n\t\t\t\t<div class=\"bdt-position-relative bdt-width-auto@s bdt-pg-alter-image\">\n\t\t\t\t\t<div class=\"bdt-post-grid-img-wrap bdt-overflow-hidden\">\n\t\t\t\t<a href=\"https:\/\/gaspardatable.com\/en\/guides-plantations\/comment-planter-des-dahlias\/\" class=\"bdt-transition-scale-up bdt-background-cover bdt-transition-opaque bdt-flex\" title=\"How to plant Dahlias\" style=\"background-image: url(https:\/\/gaspardatable.com\/wp-content\/uploads\/2022\/02\/dahlia-sur-charriot-1-scaled.jpg)\">\n  \t\t\t\t<\/a>\n\t\t\t<\/div>\t\t\t\t\t\t\t\t\t<\/div>\n\n\t\t  \t\t<div class=\"bdt-post-grid-desc bdt-width-expand@s bdt-padding bdt-flex-first@s bdt-alter\">\n\t\t\t\t\t<h3 class=\"bdt-post-grid-title\">\n\t\t\t\t<a href=\"https:\/\/gaspardatable.com\/en\/guides-plantations\/comment-planter-des-dahlias\/\" class=\"bdt-post-grid-link\" title=\"How to plant Dahlias\">\n\t\t\t\t\tHow to plant Dahlias\n\t\t\t\t<\/a>\n\t\t\t<\/h3>\n\t\t\t\t\t\t\t<div class=\"bdt-post-grid-excerpt\">\n\t\t\t<p>I've been growing dahlias in my garden for several summers now, and if you've never grown them before, I guarantee you'll quickly become passionate about ...<\/p>\n\t\t<\/div>\n\n\t\t\t\t\t\t\t\t\t<div>\n\t\t\t<a href=\"https:\/\/gaspardatable.com\/en\/guides-plantations\/comment-planter-des-dahlias\/\"\n\t\t\t\tclass=\"bdt-post-grid-readmore bdt-display-inline-block\">\n\t\t\t\tRead more\t\n\t\t\t\t\t\t\t<\/a>\n\t\t<\/div>\n\t\t\t\t\t\t\t\n\t\t\t\t\t\t\t\t\t<\/div>\n\n\t\t\t<\/div>\n\t\t\t  \t\t\t\n\t  \t\t\t\n\t\t\t\t\t<\/div>\t\n \t\t\t\t\t<div class=\"ep-pagination\">\n\t\t\t\t\t\t\t<\/div>\n\t\t\t\t\t\t\t<\/div>\n\t\t\t\t<\/div>\n\t\t\t\t\t<\/div>\n\t\t<\/div>\n\t\t\t\t\t<\/div>\n\t\t<\/section>\n\t\t\t\t<\/div>","protected":false},"excerpt":{"rendered":"<p>Guides de plantations Apr\u00e8s des ann\u00e9es d&rsquo;experience dans mon jardin, je partage ci-dessous quelques conseils de plantation pour d\u00e9corer vos massif et vos terrasses. Suivez ces guides pour un r\u00e9sultat sans failles! R\u00e9ussir la plantation des pivoines Je cultive des dahlias dans mon jardin depuis plusieurs \u00e9t\u00e9s et si vous n\u2019en avez jamais cultiv\u00e9 auparavant, [&hellip;]<\/p>","protected":false},"author":1,"featured_media":3333,"parent":0,"menu_order":0,"comment_status":"closed","ping_status":"closed","template":"elementor_header_footer","meta":{"_acf_changed":false,"footnotes":""},"class_list":["post-15","page","type-page","status-publish","has-post-thumbnail","hentry"],"acf":[],"yoast_head":"<!-- This site is optimized with the Yoast SEO plugin v26.8 - https:\/\/yoast.com\/product\/yoast-seo-wordpress\/ -->\n<title>Nos guides de plantation - Gaspardatable<\/title>\n<meta name=\"description\" content=\"R\u00e9ussissez vos fleurs gr\u00e2ce \u00e0 mes guides des plantations gratuits ! Je vous donne mes astuces pour planter ses dahlias, etc.. comme un pro !\" \/>\n<meta name=\"robots\" content=\"index, follow, max-snippet:-1, max-image-preview:large, max-video-preview:-1\" \/>\n<link rel=\"canonical\" href=\"https:\/\/gaspardatable.com\/en\/planting-guide\/\" \/>\n<meta property=\"og:locale\" content=\"en_US\" \/>\n<meta property=\"og:type\" content=\"article\" \/>\n<meta property=\"og:title\" content=\"Nos guides de plantation - Gaspardatable\" \/>\n<meta property=\"og:description\" content=\"R\u00e9ussissez vos fleurs gr\u00e2ce \u00e0 mes guides des plantations gratuits ! Je vous donne mes astuces pour planter ses dahlias, etc.. comme un pro !\" \/>\n<meta property=\"og:url\" content=\"https:\/\/gaspardatable.com\/en\/planting-guide\/\" \/>\n<meta property=\"og:site_name\" content=\"Gaspardatable\" \/>\n<meta property=\"article:modified_time\" content=\"2023-01-24T07:49:09+00:00\" \/>\n<meta property=\"og:image\" content=\"https:\/\/gaspardatable.com\/wp-content\/uploads\/2022\/02\/comment-planter-bulbes-dahlia.jpg\" \/>\n\t<meta property=\"og:image:width\" content=\"1920\" \/>\n\t<meta property=\"og:image:height\" content=\"855\" \/>\n\t<meta property=\"og:image:type\" content=\"image\/jpeg\" \/>\n<meta name=\"twitter:card\" content=\"summary_large_image\" \/>\n<meta name=\"twitter:label1\" content=\"Est. reading time\" \/>\n\t<meta name=\"twitter:data1\" content=\"1 minute\" \/>\n<script type=\"application\/ld+json\" class=\"yoast-schema-graph\">{\"@context\":\"https:\/\/schema.org\",\"@graph\":[{\"@type\":\"WebPage\",\"@id\":\"https:\/\/gaspardatable.com\/guide-de-plantation\/\",\"url\":\"https:\/\/gaspardatable.com\/guide-de-plantation\/\",\"name\":\"Nos guides de plantation - Gaspardatable\",\"isPartOf\":{\"@id\":\"https:\/\/gaspardatable.com\/#website\"},\"primaryImageOfPage\":{\"@id\":\"https:\/\/gaspardatable.com\/guide-de-plantation\/#primaryimage\"},\"image\":{\"@id\":\"https:\/\/gaspardatable.com\/guide-de-plantation\/#primaryimage\"},\"thumbnailUrl\":\"https:\/\/gaspardatable.com\/wp-content\/uploads\/2022\/02\/comment-planter-bulbes-dahlia.jpg\",\"datePublished\":\"2022-01-22T12:28:34+00:00\",\"dateModified\":\"2023-01-24T07:49:09+00:00\",\"description\":\"R\u00e9ussissez vos fleurs gr\u00e2ce \u00e0 mes guides des plantations gratuits ! Je vous donne mes astuces pour planter ses dahlias, etc.. comme un pro !\",\"breadcrumb\":{\"@id\":\"https:\/\/gaspardatable.com\/guide-de-plantation\/#breadcrumb\"},\"inLanguage\":\"en-US\",\"potentialAction\":[{\"@type\":\"ReadAction\",\"target\":[\"https:\/\/gaspardatable.com\/guide-de-plantation\/\"]}]},{\"@type\":\"ImageObject\",\"inLanguage\":\"en-US\",\"@id\":\"https:\/\/gaspardatable.com\/guide-de-plantation\/#primaryimage\",\"url\":\"https:\/\/gaspardatable.com\/wp-content\/uploads\/2022\/02\/comment-planter-bulbes-dahlia.jpg\",\"contentUrl\":\"https:\/\/gaspardatable.com\/wp-content\/uploads\/2022\/02\/comment-planter-bulbes-dahlia.jpg\",\"width\":1920,\"height\":855,\"caption\":\"comment planter ses dahlias\"},{\"@type\":\"BreadcrumbList\",\"@id\":\"https:\/\/gaspardatable.com\/guide-de-plantation\/#breadcrumb\",\"itemListElement\":[{\"@type\":\"ListItem\",\"position\":1,\"name\":\"Accueil\",\"item\":\"https:\/\/gaspardatable.com\/\"},{\"@type\":\"ListItem\",\"position\":2,\"name\":\"Guide de plantation\"}]},{\"@type\":\"WebSite\",\"@id\":\"https:\/\/gaspardatable.com\/#website\",\"url\":\"https:\/\/gaspardatable.com\/\",\"name\":\"Gaspardatable\",\"description\":\"\",\"publisher\":{\"@id\":\"https:\/\/gaspardatable.com\/#organization\"},\"potentialAction\":[{\"@type\":\"SearchAction\",\"target\":{\"@type\":\"EntryPoint\",\"urlTemplate\":\"https:\/\/gaspardatable.com\/?s={search_term_string}\"},\"query-input\":{\"@type\":\"PropertyValueSpecification\",\"valueRequired\":true,\"valueName\":\"search_term_string\"}}],\"inLanguage\":\"en-US\"},{\"@type\":\"Organization\",\"@id\":\"https:\/\/gaspardatable.com\/#organization\",\"name\":\"Gaspardatable\",\"url\":\"https:\/\/gaspardatable.com\/\",\"logo\":{\"@type\":\"ImageObject\",\"inLanguage\":\"en-US\",\"@id\":\"https:\/\/gaspardatable.com\/#\/schema\/logo\/image\/\",\"url\":\"https:\/\/gaspardatable.com\/wp-content\/uploads\/2022\/01\/logo-gris.svg\",\"contentUrl\":\"https:\/\/gaspardatable.com\/wp-content\/uploads\/2022\/01\/logo-gris.svg\",\"width\":79,\"height\":56,\"caption\":\"Gaspardatable\"},\"image\":{\"@id\":\"https:\/\/gaspardatable.com\/#\/schema\/logo\/image\/\"}}]}<\/script>\n<!-- \/ Yoast SEO plugin. -->","yoast_head_json":{"title":"Our planting guides - Gaspardatable","description":"Make your flowers a success with my free planting guides! I give you my tips for planting dahlias, etc. like a pro!","robots":{"index":"index","follow":"follow","max-snippet":"max-snippet:-1","max-image-preview":"max-image-preview:large","max-video-preview":"max-video-preview:-1"},"canonical":"https:\/\/gaspardatable.com\/en\/planting-guide\/","og_locale":"en_US","og_type":"article","og_title":"Nos guides de plantation - Gaspardatable","og_description":"R\u00e9ussissez vos fleurs gr\u00e2ce \u00e0 mes guides des plantations gratuits ! Je vous donne mes astuces pour planter ses dahlias, etc.. comme un pro !","og_url":"https:\/\/gaspardatable.com\/en\/planting-guide\/","og_site_name":"Gaspardatable","article_modified_time":"2023-01-24T07:49:09+00:00","og_image":[{"width":1920,"height":855,"url":"https:\/\/gaspardatable.com\/wp-content\/uploads\/2022\/02\/comment-planter-bulbes-dahlia.jpg","type":"image\/jpeg"}],"twitter_card":"summary_large_image","twitter_misc":{"Est. reading time":"1 minute"},"schema":{"@context":"https:\/\/schema.org","@graph":[{"@type":"WebPage","@id":"https:\/\/gaspardatable.com\/guide-de-plantation\/","url":"https:\/\/gaspardatable.com\/guide-de-plantation\/","name":"Our planting guides - Gaspardatable","isPartOf":{"@id":"https:\/\/gaspardatable.com\/#website"},"primaryImageOfPage":{"@id":"https:\/\/gaspardatable.com\/guide-de-plantation\/#primaryimage"},"image":{"@id":"https:\/\/gaspardatable.com\/guide-de-plantation\/#primaryimage"},"thumbnailUrl":"https:\/\/gaspardatable.com\/wp-content\/uploads\/2022\/02\/comment-planter-bulbes-dahlia.jpg","datePublished":"2022-01-22T12:28:34+00:00","dateModified":"2023-01-24T07:49:09+00:00","description":"Make your flowers a success with my free planting guides! I give you my tips for planting dahlias, etc. like a pro!","breadcrumb":{"@id":"https:\/\/gaspardatable.com\/guide-de-plantation\/#breadcrumb"},"inLanguage":"en-US","potentialAction":[{"@type":"ReadAction","target":["https:\/\/gaspardatable.com\/guide-de-plantation\/"]}]},{"@type":"ImageObject","inLanguage":"en-US","@id":"https:\/\/gaspardatable.com\/guide-de-plantation\/#primaryimage","url":"https:\/\/gaspardatable.com\/wp-content\/uploads\/2022\/02\/comment-planter-bulbes-dahlia.jpg","contentUrl":"https:\/\/gaspardatable.com\/wp-content\/uploads\/2022\/02\/comment-planter-bulbes-dahlia.jpg","width":1920,"height":855,"caption":"comment planter ses dahlias"},{"@type":"BreadcrumbList","@id":"https:\/\/gaspardatable.com\/guide-de-plantation\/#breadcrumb","itemListElement":[{"@type":"ListItem","position":1,"name":"Accueil","item":"https:\/\/gaspardatable.com\/"},{"@type":"ListItem","position":2,"name":"Guide de plantation"}]},{"@type":"WebSite","@id":"https:\/\/gaspardatable.com\/#website","url":"https:\/\/gaspardatable.com\/","name":"Gaspardatable","description":"","publisher":{"@id":"https:\/\/gaspardatable.com\/#organization"},"potentialAction":[{"@type":"SearchAction","target":{"@type":"EntryPoint","urlTemplate":"https:\/\/gaspardatable.com\/?s={search_term_string}"},"query-input":{"@type":"PropertyValueSpecification","valueRequired":true,"valueName":"search_term_string"}}],"inLanguage":"en-US"},{"@type":"Organization","@id":"https:\/\/gaspardatable.com\/#organization","name":"Gaspardatable","url":"https:\/\/gaspardatable.com\/","logo":{"@type":"ImageObject","inLanguage":"en-US","@id":"https:\/\/gaspardatable.com\/#\/schema\/logo\/image\/","url":"https:\/\/gaspardatable.com\/wp-content\/uploads\/2022\/01\/logo-gris.svg","contentUrl":"https:\/\/gaspardatable.com\/wp-content\/uploads\/2022\/01\/logo-gris.svg","width":79,"height":56,"caption":"Gaspardatable"},"image":{"@id":"https:\/\/gaspardatable.com\/#\/schema\/logo\/image\/"}}]}},"_links":{"self":[{"href":"https:\/\/gaspardatable.com\/en\/wp-json\/wp\/v2\/pages\/15","targetHints":{"allow":["GET"]}}],"collection":[{"href":"https:\/\/gaspardatable.com\/en\/wp-json\/wp\/v2\/pages"}],"about":[{"href":"https:\/\/gaspardatable.com\/en\/wp-json\/wp\/v2\/types\/page"}],"author":[{"embeddable":true,"href":"https:\/\/gaspardatable.com\/en\/wp-json\/wp\/v2\/users\/1"}],"replies":[{"embeddable":true,"href":"https:\/\/gaspardatable.com\/en\/wp-json\/wp\/v2\/comments?post=15"}],"version-history":[{"count":7,"href":"https:\/\/gaspardatable.com\/en\/wp-json\/wp\/v2\/pages\/15\/revisions"}],"predecessor-version":[{"id":5132682,"href":"https:\/\/gaspardatable.com\/en\/wp-json\/wp\/v2\/pages\/15\/revisions\/5132682"}],"wp:featuredmedia":[{"embeddable":true,"href":"https:\/\/gaspardatable.com\/en\/wp-json\/wp\/v2\/media\/3333"}],"wp:attachment":[{"href":"https:\/\/gaspardatable.com\/en\/wp-json\/wp\/v2\/media?parent=15"}],"curies":[{"name":"wp","href":"https:\/\/api.w.org\/{rel}","templated":true}]}}