{"id":2041,"date":"2022-02-09T14:02:55","date_gmt":"2022-02-09T13:02:55","guid":{"rendered":"https:\/\/gaspardatable.com\/?page_id=2041"},"modified":"2022-03-04T09:57:26","modified_gmt":"2022-03-04T08:57:26","slug":"delivery","status":"publish","type":"page","link":"https:\/\/gaspardatable.com\/en\/livraison\/","title":{"rendered":"Delivery"},"content":{"rendered":"<div data-elementor-type=\"wp-page\" data-elementor-id=\"2041\" class=\"elementor elementor-2041\" data-elementor-settings=\"{&quot;element_pack_global_tooltip_width&quot;:{&quot;unit&quot;:&quot;px&quot;,&quot;size&quot;:&quot;&quot;,&quot;sizes&quot;:[]},&quot;element_pack_global_tooltip_width_tablet&quot;:{&quot;unit&quot;:&quot;px&quot;,&quot;size&quot;:&quot;&quot;,&quot;sizes&quot;:[]},&quot;element_pack_global_tooltip_width_mobile&quot;:{&quot;unit&quot;:&quot;px&quot;,&quot;size&quot;:&quot;&quot;,&quot;sizes&quot;:[]},&quot;element_pack_global_tooltip_padding&quot;:{&quot;unit&quot;:&quot;px&quot;,&quot;top&quot;:&quot;&quot;,&quot;right&quot;:&quot;&quot;,&quot;bottom&quot;:&quot;&quot;,&quot;left&quot;:&quot;&quot;,&quot;isLinked&quot;:true},&quot;element_pack_global_tooltip_padding_tablet&quot;:{&quot;unit&quot;:&quot;px&quot;,&quot;top&quot;:&quot;&quot;,&quot;right&quot;:&quot;&quot;,&quot;bottom&quot;:&quot;&quot;,&quot;left&quot;:&quot;&quot;,&quot;isLinked&quot;:true},&quot;element_pack_global_tooltip_padding_mobile&quot;:{&quot;unit&quot;:&quot;px&quot;,&quot;top&quot;:&quot;&quot;,&quot;right&quot;:&quot;&quot;,&quot;bottom&quot;:&quot;&quot;,&quot;left&quot;:&quot;&quot;,&quot;isLinked&quot;:true},&quot;element_pack_global_tooltip_border_radius&quot;:{&quot;unit&quot;:&quot;px&quot;,&quot;top&quot;:&quot;&quot;,&quot;right&quot;:&quot;&quot;,&quot;bottom&quot;:&quot;&quot;,&quot;left&quot;:&quot;&quot;,&quot;isLinked&quot;:true},&quot;element_pack_global_tooltip_border_radius_tablet&quot;:{&quot;unit&quot;:&quot;px&quot;,&quot;top&quot;:&quot;&quot;,&quot;right&quot;:&quot;&quot;,&quot;bottom&quot;:&quot;&quot;,&quot;left&quot;:&quot;&quot;,&quot;isLinked&quot;:true},&quot;element_pack_global_tooltip_border_radius_mobile&quot;:{&quot;unit&quot;:&quot;px&quot;,&quot;top&quot;:&quot;&quot;,&quot;right&quot;:&quot;&quot;,&quot;bottom&quot;:&quot;&quot;,&quot;left&quot;:&quot;&quot;,&quot;isLinked&quot;:true}}\" data-elementor-post-type=\"page\">\n\t\t\t\t\t\t<section class=\"elementor-section elementor-top-section elementor-element elementor-element-8766f04 elementor-section-boxed elementor-section-height-default elementor-section-height-default\" data-id=\"8766f04\" data-element_type=\"section\">\n\t\t\t\t\t\t<div class=\"elementor-container elementor-column-gap-default\">\n\t\t\t\t\t<div class=\"elementor-column elementor-col-100 elementor-top-column elementor-element elementor-element-8e21734\" data-id=\"8e21734\" data-element_type=\"column\">\n\t\t\t<div class=\"elementor-widget-wrap elementor-element-populated\">\n\t\t\t\t\t\t<div class=\"elementor-element elementor-element-833e1d1 elementor-widget elementor-widget-heading\" data-id=\"833e1d1\" data-element_type=\"widget\" data-widget_type=\"heading.default\">\n\t\t\t\t<div class=\"elementor-widget-container\">\n\t\t\t\t\t<h2 class=\"elementor-heading-title elementor-size-default\">Delivery<\/h2>\t\t\t\t<\/div>\n\t\t\t\t<\/div>\n\t\t\t\t<div class=\"elementor-element elementor-element-42360c9 elementor-widget elementor-widget-text-editor\" data-id=\"42360c9\" data-element_type=\"widget\" data-widget_type=\"text-editor.default\">\n\t\t\t\t<div class=\"elementor-widget-container\">\n\t\t\t\t\t\t\t\t\t<p>\u00a0<\/p><p><strong>How do we ship?<\/strong><\/p><p>We ship all orders within France in <strong>many European countries<\/strong> via the Colissimo service.<\/p><p>You can select your shipping method at checkout.<\/p><p>Our team ships from Tuesday to Thursday (excluding public holidays). Orders are usually dispatched within 48 hours. <strong>Dahlias will be dispatched from the 4th week of April.\u00a0<\/strong><\/p><p>You will receive a confirmation e-mail when your order is shipped with tracking information.\u00a0<\/p><p>\u00a0<\/p><p><strong>Packaging<\/strong><\/p><p>Gaspardatable is an environmentally conscious company. We take great care to use 100% recycled and recyclable materials. If we can't find a 100% recycled and recyclable substitute to package your order, we'll be forced to use an alternative to ship it to you.\u00a0<\/p><p>\u00a0<\/p><p><strong>Shipping costs<\/strong><\/p><p>Shipping costs are automatically calculated at checkout based on items, weight, shipping location and carrier rates. You can view shipping costs after entering your address information and selecting the shipping method in your shopping cart before payment. This cost is set by La Poste. In addition to the cost of shipment, there is a 0.5 cent charge for packaging.<\/p><p>\u00a0<\/p><p><strong>Add products to an order already placed<\/strong><\/p><p>Once an order has been placed, it is printed immediately and placed in the backlog. Unfortunately, due to our tiny team and the volume of orders we receive, we are not always able to combine orders placed separately, or to modify an order once it has been placed. Please try to send us an e-mail to contact@gaspardatable.com.<\/p><p>\u00a0<\/p><p><strong>Cancel an order<\/strong><\/p><p>If you need to cancel your entire order, please contact us as soon as possible with your order number. Your order number can be found in your order confirmation e-mail. We are unable to cancel or remove individual items from your order.\u00a0\u00a0<\/p><p>\u00a0<\/p><p><strong>Tools, supplies and books <\/strong><\/p><p>If items are damaged in transit or you receive an incorrect order, please contact us and we will replace them.\u00a0<\/p><p>\u00a0<\/p><p><strong>Gift cards and promo codes<\/strong><\/p><p>Gift cards purchased in the Gaspardatable store can be used in the \u00abGift card or promo code\u00bb field during checkout.<\/p><p>\u00a0<\/p><p><strong>Shipping outside Schengen Europe<\/strong><\/p><p>We are unable to ship our plants outside the Schengen area due to phytosanitary restrictions.<\/p>\t\t\t\t\t\t\t\t<\/div>\n\t\t\t\t<\/div>\n\t\t\t\t\t<\/div>\n\t\t<\/div>\n\t\t\t\t\t<\/div>\n\t\t<\/section>\n\t\t\t\t<\/div>","protected":false},"excerpt":{"rendered":"<p>\u00a0 Comment nous exp\u00e9dions? Nous exp\u00e9dions toutes les commandes en France en dans nombreux pays de l&rsquo;Europe via le service Colissimo. Vous pouvez s\u00e9lectionner votre mode d&rsquo;exp\u00e9dition lors du payement. Notre \u00e9quipe exp\u00e9die du mardi au jeudi (hors jours f\u00e9ri\u00e9s) . Les commandes pass\u00e9es seront g\u00e9n\u00e9ralement exp\u00e9di\u00e9es dans les 48 heures. Les dahlias seront exp\u00e9di\u00e9s [&hellip;]<\/p>","protected":false},"author":1,"featured_media":0,"parent":0,"menu_order":0,"comment_status":"closed","ping_status":"closed","template":"","meta":{"_acf_changed":false,"footnotes":""},"class_list":["post-2041","page","type-page","status-publish","hentry"],"acf":[],"yoast_head":"<!-- This site is optimized with the Yoast SEO plugin v26.8 - https:\/\/yoast.com\/product\/yoast-seo-wordpress\/ -->\n<title>Livraison - Gaspardatable<\/title>\n<meta name=\"description\" content=\"Gaspardatable vous propose une s\u00e9lection de bulbe de dahlia, narcisses, pivoines et tulipes unique en France - Contr\u00f4le qualit\u00e9 - Livraison 48h - D\u00e9marche eco-responsable\" \/>\n<meta name=\"robots\" content=\"index, follow, max-snippet:-1, max-image-preview:large, max-video-preview:-1\" \/>\n<link rel=\"canonical\" href=\"https:\/\/gaspardatable.com\/en\/delivery\/\" \/>\n<meta property=\"og:locale\" content=\"en_US\" \/>\n<meta property=\"og:type\" content=\"article\" \/>\n<meta property=\"og:title\" content=\"Livraison - Gaspardatable\" \/>\n<meta property=\"og:description\" content=\"Gaspardatable vous propose une s\u00e9lection de bulbe de dahlia, narcisses, pivoines et tulipes unique en France - Contr\u00f4le qualit\u00e9 - Livraison 48h - D\u00e9marche eco-responsable\" \/>\n<meta property=\"og:url\" content=\"https:\/\/gaspardatable.com\/en\/delivery\/\" \/>\n<meta property=\"og:site_name\" content=\"Gaspardatable\" \/>\n<meta property=\"article:modified_time\" content=\"2022-03-04T08:57:26+00:00\" \/>\n<meta name=\"twitter:card\" content=\"summary_large_image\" \/>\n<meta name=\"twitter:label1\" content=\"Est. reading time\" \/>\n\t<meta name=\"twitter:data1\" content=\"3 minutes\" \/>\n<script type=\"application\/ld+json\" class=\"yoast-schema-graph\">{\"@context\":\"https:\/\/schema.org\",\"@graph\":[{\"@type\":\"WebPage\",\"@id\":\"https:\/\/gaspardatable.com\/livraison\/\",\"url\":\"https:\/\/gaspardatable.com\/livraison\/\",\"name\":\"Livraison - Gaspardatable\",\"isPartOf\":{\"@id\":\"https:\/\/gaspardatable.com\/#website\"},\"datePublished\":\"2022-02-09T13:02:55+00:00\",\"dateModified\":\"2022-03-04T08:57:26+00:00\",\"description\":\"Gaspardatable vous propose une s\u00e9lection de bulbe de dahlia, narcisses, pivoines et tulipes unique en France - Contr\u00f4le qualit\u00e9 - Livraison 48h - D\u00e9marche eco-responsable\",\"breadcrumb\":{\"@id\":\"https:\/\/gaspardatable.com\/livraison\/#breadcrumb\"},\"inLanguage\":\"en-US\",\"potentialAction\":[{\"@type\":\"ReadAction\",\"target\":[\"https:\/\/gaspardatable.com\/livraison\/\"]}]},{\"@type\":\"BreadcrumbList\",\"@id\":\"https:\/\/gaspardatable.com\/livraison\/#breadcrumb\",\"itemListElement\":[{\"@type\":\"ListItem\",\"position\":1,\"name\":\"Accueil\",\"item\":\"https:\/\/gaspardatable.com\/\"},{\"@type\":\"ListItem\",\"position\":2,\"name\":\"Livraison\"}]},{\"@type\":\"WebSite\",\"@id\":\"https:\/\/gaspardatable.com\/#website\",\"url\":\"https:\/\/gaspardatable.com\/\",\"name\":\"Gaspardatable\",\"description\":\"\",\"publisher\":{\"@id\":\"https:\/\/gaspardatable.com\/#organization\"},\"potentialAction\":[{\"@type\":\"SearchAction\",\"target\":{\"@type\":\"EntryPoint\",\"urlTemplate\":\"https:\/\/gaspardatable.com\/?s={search_term_string}\"},\"query-input\":{\"@type\":\"PropertyValueSpecification\",\"valueRequired\":true,\"valueName\":\"search_term_string\"}}],\"inLanguage\":\"en-US\"},{\"@type\":\"Organization\",\"@id\":\"https:\/\/gaspardatable.com\/#organization\",\"name\":\"Gaspardatable\",\"url\":\"https:\/\/gaspardatable.com\/\",\"logo\":{\"@type\":\"ImageObject\",\"inLanguage\":\"en-US\",\"@id\":\"https:\/\/gaspardatable.com\/#\/schema\/logo\/image\/\",\"url\":\"https:\/\/gaspardatable.com\/wp-content\/uploads\/2022\/01\/logo-gris.svg\",\"contentUrl\":\"https:\/\/gaspardatable.com\/wp-content\/uploads\/2022\/01\/logo-gris.svg\",\"width\":79,\"height\":56,\"caption\":\"Gaspardatable\"},\"image\":{\"@id\":\"https:\/\/gaspardatable.com\/#\/schema\/logo\/image\/\"}}]}<\/script>\n<!-- \/ Yoast SEO plugin. -->","yoast_head_json":{"title":"Delivery - Gaspardatable","description":"Gaspardatable offers you a unique selection of dahlia, narcissus, peony and tulip bulbs in France - Quality control - 48-hour delivery - Eco-responsible approach","robots":{"index":"index","follow":"follow","max-snippet":"max-snippet:-1","max-image-preview":"max-image-preview:large","max-video-preview":"max-video-preview:-1"},"canonical":"https:\/\/gaspardatable.com\/en\/delivery\/","og_locale":"en_US","og_type":"article","og_title":"Livraison - Gaspardatable","og_description":"Gaspardatable vous propose une s\u00e9lection de bulbe de dahlia, narcisses, pivoines et tulipes unique en France - Contr\u00f4le qualit\u00e9 - Livraison 48h - D\u00e9marche eco-responsable","og_url":"https:\/\/gaspardatable.com\/en\/delivery\/","og_site_name":"Gaspardatable","article_modified_time":"2022-03-04T08:57:26+00:00","twitter_card":"summary_large_image","twitter_misc":{"Est. reading time":"3 minutes"},"schema":{"@context":"https:\/\/schema.org","@graph":[{"@type":"WebPage","@id":"https:\/\/gaspardatable.com\/livraison\/","url":"https:\/\/gaspardatable.com\/livraison\/","name":"Delivery - Gaspardatable","isPartOf":{"@id":"https:\/\/gaspardatable.com\/#website"},"datePublished":"2022-02-09T13:02:55+00:00","dateModified":"2022-03-04T08:57:26+00:00","description":"Gaspardatable offers you a unique selection of dahlia, narcissus, peony and tulip bulbs in France - Quality control - 48-hour delivery - Eco-responsible approach","breadcrumb":{"@id":"https:\/\/gaspardatable.com\/livraison\/#breadcrumb"},"inLanguage":"en-US","potentialAction":[{"@type":"ReadAction","target":["https:\/\/gaspardatable.com\/livraison\/"]}]},{"@type":"BreadcrumbList","@id":"https:\/\/gaspardatable.com\/livraison\/#breadcrumb","itemListElement":[{"@type":"ListItem","position":1,"name":"Accueil","item":"https:\/\/gaspardatable.com\/"},{"@type":"ListItem","position":2,"name":"Livraison"}]},{"@type":"WebSite","@id":"https:\/\/gaspardatable.com\/#website","url":"https:\/\/gaspardatable.com\/","name":"Gaspardatable","description":"","publisher":{"@id":"https:\/\/gaspardatable.com\/#organization"},"potentialAction":[{"@type":"SearchAction","target":{"@type":"EntryPoint","urlTemplate":"https:\/\/gaspardatable.com\/?s={search_term_string}"},"query-input":{"@type":"PropertyValueSpecification","valueRequired":true,"valueName":"search_term_string"}}],"inLanguage":"en-US"},{"@type":"Organization","@id":"https:\/\/gaspardatable.com\/#organization","name":"Gaspardatable","url":"https:\/\/gaspardatable.com\/","logo":{"@type":"ImageObject","inLanguage":"en-US","@id":"https:\/\/gaspardatable.com\/#\/schema\/logo\/image\/","url":"https:\/\/gaspardatable.com\/wp-content\/uploads\/2022\/01\/logo-gris.svg","contentUrl":"https:\/\/gaspardatable.com\/wp-content\/uploads\/2022\/01\/logo-gris.svg","width":79,"height":56,"caption":"Gaspardatable"},"image":{"@id":"https:\/\/gaspardatable.com\/#\/schema\/logo\/image\/"}}]}},"_links":{"self":[{"href":"https:\/\/gaspardatable.com\/en\/wp-json\/wp\/v2\/pages\/2041","targetHints":{"allow":["GET"]}}],"collection":[{"href":"https:\/\/gaspardatable.com\/en\/wp-json\/wp\/v2\/pages"}],"about":[{"href":"https:\/\/gaspardatable.com\/en\/wp-json\/wp\/v2\/types\/page"}],"author":[{"embeddable":true,"href":"https:\/\/gaspardatable.com\/en\/wp-json\/wp\/v2\/users\/1"}],"replies":[{"embeddable":true,"href":"https:\/\/gaspardatable.com\/en\/wp-json\/wp\/v2\/comments?post=2041"}],"version-history":[{"count":0,"href":"https:\/\/gaspardatable.com\/en\/wp-json\/wp\/v2\/pages\/2041\/revisions"}],"wp:attachment":[{"href":"https:\/\/gaspardatable.com\/en\/wp-json\/wp\/v2\/media?parent=2041"}],"curies":[{"name":"wp","href":"https:\/\/api.w.org\/{rel}","templated":true}]}}